{"id":21662,"date":"2025-02-13T22:11:10","date_gmt":"2025-02-13T21:11:10","guid":{"rendered":"https:\/\/cherryandreal.ch\/lachat-immobilier\/estimation\/"},"modified":"2025-11-01T21:40:17","modified_gmt":"2025-11-01T20:40:17","slug":"estimation","status":"publish","type":"page","link":"https:\/\/lachat-immobilier.ch\/de\/estimation\/","title":{"rendered":"Sch\u00e4tzung"},"content":{"rendered":"\t\t<div data-elementor-type=\"wp-page\" data-elementor-id=\"21662\" class=\"elementor elementor-21662 elementor-19780\" data-elementor-post-type=\"page\">\n\t\t\t\t\t\t<section class=\"elementor-section elementor-top-section elementor-element elementor-element-5b81e21 elementor-section-height-min-height animated-slow elementor-section-boxed elementor-section-height-default elementor-section-items-middle elementor-invisible\" data-id=\"5b81e21\" data-element_type=\"section\" data-e-type=\"section\" data-settings=\"{&quot;background_background&quot;:&quot;classic&quot;,&quot;animation&quot;:&quot;fadeIn&quot;}\">\n\t\t\t\t\t\t\t<div class=\"elementor-background-overlay\"><\/div>\n\t\t\t\t\t\t\t<div class=\"elementor-container elementor-column-gap-default\">\n\t\t\t\t\t<div class=\"elementor-column elementor-col-100 elementor-top-column elementor-element elementor-element-ad367f8\" data-id=\"ad367f8\" data-element_type=\"column\" data-e-type=\"column\">\n\t\t\t<div class=\"elementor-widget-wrap elementor-element-populated\">\n\t\t\t\t\t\t<div class=\"elementor-element elementor-element-0e7939f elementor-widget elementor-widget-heading\" data-id=\"0e7939f\" data-element_type=\"widget\" data-e-type=\"widget\" data-widget_type=\"heading.default\">\n\t\t\t\t<div class=\"elementor-widget-container\">\n\t\t\t\t\t<h1 class=\"elementor-heading-title elementor-size-default\">Sch\u00e4tzung <\/h1>\t\t\t\t<\/div>\n\t\t\t\t<\/div>\n\t\t\t\t\t<\/div>\n\t\t<\/div>\n\t\t\t\t\t<\/div>\n\t\t<\/section>\n\t\t\t\t<section class=\"elementor-section elementor-top-section elementor-element elementor-element-09038dc elementor-section-boxed elementor-section-height-default elementor-section-height-default\" data-id=\"09038dc\" data-element_type=\"section\" data-e-type=\"section\" data-settings=\"{&quot;background_background&quot;:&quot;classic&quot;}\">\n\t\t\t\t\t\t<div class=\"elementor-container elementor-column-gap-default\">\n\t\t\t\t\t<div class=\"elementor-column elementor-col-100 elementor-top-column elementor-element elementor-element-c8278ac\" data-id=\"c8278ac\" data-element_type=\"column\" data-e-type=\"column\">\n\t\t\t<div class=\"elementor-widget-wrap elementor-element-populated\">\n\t\t\t\t\t\t<div class=\"elementor-element elementor-element-3271868 elementor-widget elementor-widget-spacer\" data-id=\"3271868\" data-element_type=\"widget\" data-e-type=\"widget\" data-widget_type=\"spacer.default\">\n\t\t\t\t<div class=\"elementor-widget-container\">\n\t\t\t\t\t\t\t<div class=\"elementor-spacer\">\n\t\t\t<div class=\"elementor-spacer-inner\"><\/div>\n\t\t<\/div>\n\t\t\t\t\t\t<\/div>\n\t\t\t\t<\/div>\n\t\t\t\t<div class=\"elementor-element elementor-element-e7372b6 animated-slow elementor-invisible elementor-widget elementor-widget-houzez_elementor_section_title\" data-id=\"e7372b6\" data-element_type=\"widget\" data-e-type=\"widget\" data-settings=\"{&quot;_animation&quot;:&quot;fadeIn&quot;}\" data-widget_type=\"houzez_elementor_section_title.default\">\n\t\t\t\t<div class=\"elementor-widget-container\">\n\t\t\t\t\t            <div class=\"houzez_section_title_wrap section-title-module\">\n                                    <h2 class=\"houzez_section_title\">Sch\u00e4tzen Sie den Wert Ihrer Immobilie online mit wenigen Klicks!<\/h2>\n                \n                            <\/div>\n            \t\t\t\t<\/div>\n\t\t\t\t<\/div>\n\t\t\t\t<div class=\"elementor-element elementor-element-69fe9b8 elementor-widget elementor-widget-text-editor\" data-id=\"69fe9b8\" data-element_type=\"widget\" data-e-type=\"widget\" data-widget_type=\"text-editor.default\">\n\t\t\t\t<div class=\"elementor-widget-container\">\n\t\t\t\t\t\t\t\t\t<p data-start=\"114\" data-end=\"403\"><strong>Sie m\u00f6chten wissen, wie viel Ihre Immobilie wert ist?<\/strong> Unsere Agentur bietet Ihnen eine schnelle und kostenlose Online-Sch\u00e4tzung an.<br><br>F\u00fcllen Sie einfach das untenstehende Formular mit den wichtigsten Informationen \u00fcber Ihre Immobilie aus.<br>Sobald Sie Ihre Anfrage abgeschickt haben, wird unser Team die Daten analysieren und Ihnen eine pers\u00f6nliche Sch\u00e4tzung auf der Grundlage des aktuellen Marktes \u00fcbermitteln.<\/p>\t\t\t\t\t\t\t\t<\/div>\n\t\t\t\t<\/div>\n\t\t\t\t<div class=\"elementor-element elementor-element-89a95a6 elementor-widget elementor-widget-spacer\" data-id=\"89a95a6\" data-element_type=\"widget\" data-e-type=\"widget\" data-widget_type=\"spacer.default\">\n\t\t\t\t<div class=\"elementor-widget-container\">\n\t\t\t\t\t\t\t<div class=\"elementor-spacer\">\n\t\t\t<div class=\"elementor-spacer-inner\"><\/div>\n\t\t<\/div>\n\t\t\t\t\t\t<\/div>\n\t\t\t\t<\/div>\n\t\t\t\t\t<\/div>\n\t\t<\/div>\n\t\t\t\t\t<\/div>\n\t\t<\/section>\n\t\t\t\t<section class=\"elementor-section elementor-top-section elementor-element elementor-element-7de1bca elementor-section-boxed elementor-section-height-default elementor-section-height-default\" data-id=\"7de1bca\" data-element_type=\"section\" data-e-type=\"section\" data-settings=\"{&quot;background_background&quot;:&quot;classic&quot;}\">\n\t\t\t\t\t\t<div class=\"elementor-container elementor-column-gap-default\">\n\t\t\t\t\t<div class=\"elementor-column elementor-col-100 elementor-top-column elementor-element elementor-element-b896568\" data-id=\"b896568\" data-element_type=\"column\" data-e-type=\"column\">\n\t\t\t<div class=\"elementor-widget-wrap elementor-element-populated\">\n\t\t\t\t\t\t<div class=\"elementor-element elementor-element-d8431e2 animated-slow elementor-invisible elementor-widget elementor-widget-houzez_elementor_section_title\" data-id=\"d8431e2\" data-element_type=\"widget\" data-e-type=\"widget\" data-settings=\"{&quot;_animation&quot;:&quot;fadeIn&quot;}\" data-widget_type=\"houzez_elementor_section_title.default\">\n\t\t\t\t<div class=\"elementor-widget-container\">\n\t\t\t\t\t            <div class=\"houzez_section_title_wrap section-title-module\">\n                                    <h2 class=\"houzez_section_title\">Sch\u00e4tzformular <\/h2>\n                \n                                    <p class=\"houzez_section_subtitle\">F\u00fcllen Sie jetzt das untenstehende Formular aus und erhalten Sie ganz einfach eine erste Sch\u00e4tzung<\/p>\n                            <\/div>\n            \t\t\t\t<\/div>\n\t\t\t\t<\/div>\n\t\t\t\t<div class=\"elementor-element elementor-element-a36c63f elementor-widget elementor-widget-html\" data-id=\"a36c63f\" data-element_type=\"widget\" data-e-type=\"widget\" data-widget_type=\"html.default\">\n\t\t\t\t<div class=\"elementor-widget-container\">\n\t\t\t\t\t<script src=\"https:\/\/cdnjs.cloudflare.com\/ajax\/libs\/iframe-resizer\/4.3.6\/iframeResizer.min.js\"><\/script>\n<script>\nfunction initResizer() {\niFrameResize({\nheightCalculationMethod: 'documentElementOffset',\nonScroll: ({ x, y }) =&gt; {\n\/\/ prevent default behavior\nwindow.scrollTo({\ntop: y,\nleft: x,\nbehavior: 'smooth'\n})\nreturn false;\n}\n}, '#valuationFrame');\n}\n<\/script>\n<iframe style=\"min-width: 100%; border:none;\" title=\"Bewertung\" src=\"https:\/\/lachat-immobilier.valuation.realadvisor.ch\/appraise?language=fr\" id=\"valuationFrame\" onload=\"initResizer()\">\n<\/iframe>\t\t\t\t<\/div>\n\t\t\t\t<\/div>\n\t\t\t\t<div class=\"elementor-element elementor-element-b59559d elementor-widget elementor-widget-spacer\" data-id=\"b59559d\" data-element_type=\"widget\" data-e-type=\"widget\" data-widget_type=\"spacer.default\">\n\t\t\t\t<div class=\"elementor-widget-container\">\n\t\t\t\t\t\t\t<div class=\"elementor-spacer\">\n\t\t\t<div class=\"elementor-spacer-inner\"><\/div>\n\t\t<\/div>\n\t\t\t\t\t\t<\/div>\n\t\t\t\t<\/div>\n\t\t\t\t\t<\/div>\n\t\t<\/div>\n\t\t\t\t\t<\/div>\n\t\t<\/section>\n\t\t\t\t<\/div>\n\t\t","protected":false},"excerpt":{"rendered":"<p>Sch\u00e4tzung Sch\u00e4tzen Sie den Wert Ihrer Immobilie online mit wenigen Klicks! Sie m\u00f6chten wissen, wie viel Ihre Immobilie wert ist? Unsere Agentur bietet Ihnen eine schnelle und kostenlose Online-Sch\u00e4tzung an. F\u00fcllen Sie einfach das untenstehende Formular mit den wichtigsten Informationen \u00fcber Ihre Immobilie aus.Sobald Sie Ihre Anfrage abgeschickt haben, wird unser Team die Daten analysieren [&hellip;]<\/p>\n","protected":false},"author":1,"featured_media":0,"parent":0,"menu_order":0,"comment_status":"closed","ping_status":"closed","template":"template\/template-homepage.php","meta":{"footnotes":""},"class_list":["post-21662","page","type-page","status-publish","hentry"],"yoast_head":"<!-- This site is optimized with the Yoast SEO plugin v27.4 - https:\/\/yoast.com\/product\/yoast-seo-wordpress\/ -->\n<title>Sch\u00e4tzung - Lachat IMMOBILIER DL S\u00e0rl<\/title>\n<meta name=\"description\" content=\"M\u00f6chten Sie den Wert Ihrer Immobilie erfahren? Unsere Agentur bietet Ihnen eine schnelle und kostenlose Online-Sch\u00e4tzung.\" \/>\n<meta name=\"robots\" content=\"index, follow, max-snippet:-1, max-image-preview:large, max-video-preview:-1\" \/>\n<link rel=\"canonical\" href=\"https:\/\/lachat-immobilier.ch\/de\/estimation\/\" \/>\n<meta property=\"og:locale\" content=\"de_DE\" \/>\n<meta property=\"og:type\" content=\"article\" \/>\n<meta property=\"og:title\" content=\"Sch\u00e4tzung - Lachat IMMOBILIER DL S\u00e0rl\" \/>\n<meta property=\"og:description\" content=\"M\u00f6chten Sie den Wert Ihrer Immobilie erfahren? Unsere Agentur bietet Ihnen eine schnelle und kostenlose Online-Sch\u00e4tzung.\" \/>\n<meta property=\"og:url\" content=\"https:\/\/lachat-immobilier.ch\/de\/estimation\/\" \/>\n<meta property=\"og:site_name\" content=\"Lachat IMMOBILIER DL S\u00e0rl\" \/>\n<meta property=\"article:modified_time\" content=\"2025-11-01T20:40:17+00:00\" \/>\n<meta name=\"twitter:card\" content=\"summary_large_image\" \/>\n<meta name=\"twitter:label1\" content=\"Gesch\u00e4tzte Lesezeit\" \/>\n\t<meta name=\"twitter:data1\" content=\"1\u00a0Minute\" \/>\n<script type=\"application\/ld+json\" class=\"yoast-schema-graph\">{\"@context\":\"https:\\\/\\\/schema.org\",\"@graph\":[{\"@type\":\"WebPage\",\"@id\":\"https:\\\/\\\/lachat-immobilier.ch\\\/de\\\/estimation\\\/\",\"url\":\"https:\\\/\\\/lachat-immobilier.ch\\\/de\\\/estimation\\\/\",\"name\":\"Sch\u00e4tzung - Lachat IMMOBILIER DL S\u00e0rl\",\"isPartOf\":{\"@id\":\"https:\\\/\\\/lachat-immobilier.ch\\\/de\\\/#website\"},\"datePublished\":\"2025-02-13T21:11:10+00:00\",\"dateModified\":\"2025-11-01T20:40:17+00:00\",\"description\":\"M\u00f6chten Sie den Wert Ihrer Immobilie erfahren? Unsere Agentur bietet Ihnen eine schnelle und kostenlose Online-Sch\u00e4tzung.\",\"breadcrumb\":{\"@id\":\"https:\\\/\\\/lachat-immobilier.ch\\\/de\\\/estimation\\\/#breadcrumb\"},\"inLanguage\":\"de\",\"potentialAction\":[{\"@type\":\"ReadAction\",\"target\":[\"https:\\\/\\\/lachat-immobilier.ch\\\/de\\\/estimation\\\/\"]}]},{\"@type\":\"BreadcrumbList\",\"@id\":\"https:\\\/\\\/lachat-immobilier.ch\\\/de\\\/estimation\\\/#breadcrumb\",\"itemListElement\":[{\"@type\":\"ListItem\",\"position\":1,\"name\":\"Accueil\",\"item\":\"https:\\\/\\\/lachat-immobilier.ch\\\/de\\\/willkommen\\\/\"},{\"@type\":\"ListItem\",\"position\":2,\"name\":\"Sch\u00e4tzung\"}]},{\"@type\":\"WebSite\",\"@id\":\"https:\\\/\\\/lachat-immobilier.ch\\\/de\\\/#website\",\"url\":\"https:\\\/\\\/lachat-immobilier.ch\\\/de\\\/\",\"name\":\"Lachat IMMOBILIER DL S\u00e0rl\",\"description\":\"\",\"publisher\":{\"@id\":\"https:\\\/\\\/lachat-immobilier.ch\\\/de\\\/#organization\"},\"potentialAction\":[{\"@type\":\"SearchAction\",\"target\":{\"@type\":\"EntryPoint\",\"urlTemplate\":\"https:\\\/\\\/lachat-immobilier.ch\\\/de\\\/?s={search_term_string}\"},\"query-input\":{\"@type\":\"PropertyValueSpecification\",\"valueRequired\":true,\"valueName\":\"search_term_string\"}}],\"inLanguage\":\"de\"},{\"@type\":\"Organization\",\"@id\":\"https:\\\/\\\/lachat-immobilier.ch\\\/de\\\/#organization\",\"name\":\"Lachat IMMOBILIER DL S\u00e0rl\",\"url\":\"https:\\\/\\\/lachat-immobilier.ch\\\/de\\\/\",\"logo\":{\"@type\":\"ImageObject\",\"inLanguage\":\"de\",\"@id\":\"https:\\\/\\\/lachat-immobilier.ch\\\/de\\\/#\\\/schema\\\/logo\\\/image\\\/\",\"url\":\"https:\\\/\\\/lachat-immobilier.ch\\\/wp-content\\\/uploads\\\/sites\\\/7\\\/2025\\\/02\\\/logo-lachat-immobilier-white-footer.png\",\"contentUrl\":\"https:\\\/\\\/lachat-immobilier.ch\\\/wp-content\\\/uploads\\\/sites\\\/7\\\/2025\\\/02\\\/logo-lachat-immobilier-white-footer.png\",\"width\":233,\"height\":215,\"caption\":\"Lachat IMMOBILIER DL S\u00e0rl\"},\"image\":{\"@id\":\"https:\\\/\\\/lachat-immobilier.ch\\\/de\\\/#\\\/schema\\\/logo\\\/image\\\/\"}}]}<\/script>\n<!-- \/ Yoast SEO plugin. -->","yoast_head_json":{"title":"Sch\u00e4tzung - Lachat IMMOBILIER DL S\u00e0rl","description":"M\u00f6chten Sie den Wert Ihrer Immobilie erfahren? Unsere Agentur bietet Ihnen eine schnelle und kostenlose Online-Sch\u00e4tzung.","robots":{"index":"index","follow":"follow","max-snippet":"max-snippet:-1","max-image-preview":"max-image-preview:large","max-video-preview":"max-video-preview:-1"},"canonical":"https:\/\/lachat-immobilier.ch\/de\/estimation\/","og_locale":"de_DE","og_type":"article","og_title":"Sch\u00e4tzung - Lachat IMMOBILIER DL S\u00e0rl","og_description":"M\u00f6chten Sie den Wert Ihrer Immobilie erfahren? Unsere Agentur bietet Ihnen eine schnelle und kostenlose Online-Sch\u00e4tzung.","og_url":"https:\/\/lachat-immobilier.ch\/de\/estimation\/","og_site_name":"Lachat IMMOBILIER DL S\u00e0rl","article_modified_time":"2025-11-01T20:40:17+00:00","twitter_card":"summary_large_image","twitter_misc":{"Gesch\u00e4tzte Lesezeit":"1\u00a0Minute"},"schema":{"@context":"https:\/\/schema.org","@graph":[{"@type":"WebPage","@id":"https:\/\/lachat-immobilier.ch\/de\/estimation\/","url":"https:\/\/lachat-immobilier.ch\/de\/estimation\/","name":"Sch\u00e4tzung - Lachat IMMOBILIER DL S\u00e0rl","isPartOf":{"@id":"https:\/\/lachat-immobilier.ch\/de\/#website"},"datePublished":"2025-02-13T21:11:10+00:00","dateModified":"2025-11-01T20:40:17+00:00","description":"M\u00f6chten Sie den Wert Ihrer Immobilie erfahren? Unsere Agentur bietet Ihnen eine schnelle und kostenlose Online-Sch\u00e4tzung.","breadcrumb":{"@id":"https:\/\/lachat-immobilier.ch\/de\/estimation\/#breadcrumb"},"inLanguage":"de","potentialAction":[{"@type":"ReadAction","target":["https:\/\/lachat-immobilier.ch\/de\/estimation\/"]}]},{"@type":"BreadcrumbList","@id":"https:\/\/lachat-immobilier.ch\/de\/estimation\/#breadcrumb","itemListElement":[{"@type":"ListItem","position":1,"name":"Accueil","item":"https:\/\/lachat-immobilier.ch\/de\/willkommen\/"},{"@type":"ListItem","position":2,"name":"Sch\u00e4tzung"}]},{"@type":"WebSite","@id":"https:\/\/lachat-immobilier.ch\/de\/#website","url":"https:\/\/lachat-immobilier.ch\/de\/","name":"Lachat IMMOBILIER DL S\u00e0rl","description":"","publisher":{"@id":"https:\/\/lachat-immobilier.ch\/de\/#organization"},"potentialAction":[{"@type":"SearchAction","target":{"@type":"EntryPoint","urlTemplate":"https:\/\/lachat-immobilier.ch\/de\/?s={search_term_string}"},"query-input":{"@type":"PropertyValueSpecification","valueRequired":true,"valueName":"search_term_string"}}],"inLanguage":"de"},{"@type":"Organization","@id":"https:\/\/lachat-immobilier.ch\/de\/#organization","name":"Lachat IMMOBILIER DL S\u00e0rl","url":"https:\/\/lachat-immobilier.ch\/de\/","logo":{"@type":"ImageObject","inLanguage":"de","@id":"https:\/\/lachat-immobilier.ch\/de\/#\/schema\/logo\/image\/","url":"https:\/\/lachat-immobilier.ch\/wp-content\/uploads\/sites\/7\/2025\/02\/logo-lachat-immobilier-white-footer.png","contentUrl":"https:\/\/lachat-immobilier.ch\/wp-content\/uploads\/sites\/7\/2025\/02\/logo-lachat-immobilier-white-footer.png","width":233,"height":215,"caption":"Lachat IMMOBILIER DL S\u00e0rl"},"image":{"@id":"https:\/\/lachat-immobilier.ch\/de\/#\/schema\/logo\/image\/"}}]}},"_links":{"self":[{"href":"https:\/\/lachat-immobilier.ch\/de\/wp-json\/wp\/v2\/pages\/21662","targetHints":{"allow":["GET"]}}],"collection":[{"href":"https:\/\/lachat-immobilier.ch\/de\/wp-json\/wp\/v2\/pages"}],"about":[{"href":"https:\/\/lachat-immobilier.ch\/de\/wp-json\/wp\/v2\/types\/page"}],"author":[{"embeddable":true,"href":"https:\/\/lachat-immobilier.ch\/de\/wp-json\/wp\/v2\/users\/1"}],"replies":[{"embeddable":true,"href":"https:\/\/lachat-immobilier.ch\/de\/wp-json\/wp\/v2\/comments?post=21662"}],"version-history":[{"count":4,"href":"https:\/\/lachat-immobilier.ch\/de\/wp-json\/wp\/v2\/pages\/21662\/revisions"}],"predecessor-version":[{"id":21818,"href":"https:\/\/lachat-immobilier.ch\/de\/wp-json\/wp\/v2\/pages\/21662\/revisions\/21818"}],"wp:attachment":[{"href":"https:\/\/lachat-immobilier.ch\/de\/wp-json\/wp\/v2\/media?parent=21662"}],"curies":[{"name":"wp","href":"https:\/\/api.w.org\/{rel}","templated":true}]}}